{"id":270,"date":"2025-03-26T23:02:19","date_gmt":"2025-03-26T20:02:19","guid":{"rendered":"https:\/\/kirmiziraf.com.tr\/zormankurumsal\/?post_type=product&#038;p=270"},"modified":"2025-03-26T23:03:27","modified_gmt":"2025-03-26T20:03:27","slug":"ust-gaz-kombi-firin-20-x-gn-1-1","status":"publish","type":"product","link":"https:\/\/zorman.com.tr\/index.php\/product\/ust-gaz-kombi-firin-20-x-gn-1-1\/","title":{"rendered":"\u00dcST GAZ KOMB\u0130 FIRIN 20 X GN 1\/1"},"content":{"rendered":"<div id=\"accordionPanelsStayOpen\" class=\"accordion accordion-attributes-apo mt-2rem-apo\">\n<div class=\"accordion-item content-attributes-apo\">\n<h2 id=\"panelsStayOpen-headingOne\" class=\"accordion-header\"><button class=\"accordion-button\" type=\"button\" data-bs-toggle=\"collapse\" data-bs-target=\"#panelsStayOpen-collapseOne\" aria-expanded=\"true\" aria-controls=\"panelsStayOpen-collapseOne\"><span>Di\u011fer \u00f6zellikler<\/span><\/button><\/h2>\n<\/div>\n<div id=\"panelsStayOpen-collapseOne\" class=\"accordion-collapse collapse show\" aria-labelledby=\"panelsStayOpen-headingOne\">\n<div class=\"accordion-body body-wrapper-apo\">\n<table class=\"table table-striped table-attributes-apo\">\n<tbody>\n<tr>\n<td><span>Kap\u0131 a\u00e7\u0131l\u0131\u015f\u0131<\/span><\/td>\n<td><span>soldan sa\u011fa<\/span><\/td>\n<\/tr>\n<tr>\n<td><span>Enerji Kontrol\u00fc<\/span><\/td>\n<td><span>G\u00fc\u00e7 zirvelerinin uzaktan kontrol\u00fc i\u00e7in \u00f6n ayar<\/span><\/td>\n<\/tr>\n<tr>\n<td><span>GN konteynerlerde kapasite<\/span><\/td>\n<td><span>20 x 1\/1GN<\/span><\/td>\n<\/tr>\n<tr>\n<td><span>60x40cm konteynerlerde kapasite<\/span><\/td>\n<td><span>15 &#8211; aksesuarl\u0131<\/span><\/td>\n<\/tr>\n<tr>\n<td><span>Pi\u015firme i\u015flemi i\u00e7in porsiyonlar<\/span><\/td>\n<td><span>n\u00b0 280<\/span><\/td>\n<\/tr>\n<tr>\n<td><span>\u00dcr\u00fcn \u00e7ekirdek ara\u015ft\u0131rmas\u0131<\/span><\/td>\n<td><span>\u00c7ok noktal\u0131, standart<\/span><\/td>\n<\/tr>\n<tr>\n<td><span>E\u015f zamanl\u0131 pi\u015firme<\/span><\/td>\n<td><span>Otomatik ve \u00c7oklu Zamanlay\u0131c\u0131<\/span><\/td>\n<\/tr>\n<tr>\n<td><span>Otomatik pi\u015firme<\/span><\/td>\n<td><span>Evet<\/span><\/td>\n<\/tr>\n<tr>\n<td><span>G\u00f6r\u00fcnt\u00fclemek<\/span><\/td>\n<td><span>Renkli interaktif dijital<\/span><\/td>\n<\/tr>\n<tr>\n<td><span>Kap\u0131 kolu<\/span><\/td>\n<td><span>tam ellerle bile sol elle a\u00e7\u0131lma<\/span><\/td>\n<\/tr>\n<tr>\n<td><span>Otomatik y\u0131kama<\/span><\/td>\n<td><span>\u00fc\u00e7l\u00fc etkili dezenfektan etkisine sahip<\/span><\/td>\n<\/tr>\n<tr>\n<td><span>G\u00fc\u00e7 kayna\u011f\u0131<\/span><\/td>\n<td><span>Gaz<\/span><\/td>\n<\/tr>\n<\/tbody>\n<\/table>\n<\/div>\n<\/div>\n<\/div>\n<div id=\"accordionPanelsStayOpen\" class=\"accordion accordion-attributes-apo mt-1rem-apo\">\n<div class=\"accordion-item content-attributes-apo\">\n<h2 id=\"panelsStayOpen-headingTwo\" class=\"accordion-header\"><button class=\"accordion-button\" type=\"button\" data-bs-toggle=\"collapse\" data-bs-target=\"#panelsStayOpen-collapseTwo\" aria-expanded=\"true\" aria-controls=\"panelsStayOpen-collapseOne\"><span>T\u00fcm \u00f6zellikler<\/span><\/button><\/h2>\n<\/div>\n<div id=\"panelsStayOpen-collapseTwo\" class=\"accordion-collapse collapse show\" aria-labelledby=\"panelsStayOpen-headingTwo\">\n<div class=\"accordion-body body-wrapper-apo\">\n<table class=\"table table-striped table-attributes-apo\">\n<tbody>\n<tr>\n<td><span>\u00c7al\u0131\u015fma voltaj\u0131<\/span><\/td>\n<td><span>230V 1N~ \/ 50Hz<\/span><\/td>\n<\/tr>\n<tr>\n<td><span>Net a\u011f\u0131rl\u0131\u011f\u0131<\/span><\/td>\n<td><span>341 kilo<\/span><\/td>\n<\/tr>\n<tr>\n<td><span>Br\u00fct a\u011f\u0131rl\u0131k<\/span><\/td>\n<td><span>376 kilo<\/span><\/td>\n<\/tr>\n<tr>\n<td><span>Paketleme Geni\u015fli\u011fi<\/span><\/td>\n<td><span>104,8 cm<\/span><\/td>\n<\/tr>\n<tr>\n<td><span>Paketleme Y\u00fcksekli\u011fi<\/span><\/td>\n<td><span>217,3 cm<\/span><\/td>\n<\/tr>\n<tr>\n<td><span>Paketleme Derinli\u011fi<\/span><\/td>\n<td><span>102 cm<\/span><\/td>\n<\/tr>\n<tr>\n<td><span>Geni\u015flik<\/span><\/td>\n<td><span>96,2 cm<\/span><\/td>\n<\/tr>\n<tr>\n<td><span>Y\u00fckseklik<\/span><\/td>\n<td><span>185,5 cm<\/span><\/td>\n<\/tr>\n<tr>\n<td><span>Derinlik<\/span><\/td>\n<td><span>93,5 cm<\/span><\/td>\n<\/tr>\n<tr>\n<td><span>Elektrik G\u00fcc\u00fc<\/span><\/td>\n<td><span>1,5 kW<\/span><\/td>\n<\/tr>\n<tr>\n<td><span>Gaz G\u00fcc\u00fc<\/span><\/td>\n<td><span>40 kilovat<\/span><\/td>\n<\/tr>\n<tr>\n<td><span>Elektrik besleme y\u00fcksekli\u011fi<\/span><\/td>\n<td><span>25 santim<\/span><\/td>\n<\/tr>\n<tr>\n<td><span>Gaz \u00e7ap\u0131<\/span><\/td>\n<td><span>3\/4&#8243;<\/span><\/td>\n<\/tr>\n<tr>\n<td><span>Gaz besleme y\u00fcksekli\u011fi<\/span><\/td>\n<td><span>25 santim<\/span><\/td>\n<\/tr>\n<tr>\n<td><span>So\u011fuk su<\/span><\/td>\n<td><span>60 l\/saat<\/span><\/td>\n<\/tr>\n<tr>\n<td><span>So\u011fuk su \u00e7ap\u0131<\/span><\/td>\n<td><span>3\/4&#8243;<\/span><\/td>\n<\/tr>\n<tr>\n<td><span>So\u011fuk su ba\u011flant\u0131 y\u00fcksekli\u011fi<\/span><\/td>\n<td><span>25 santim<\/span><\/td>\n<\/tr>\n<tr>\n<td><span>Su tahliye \u00e7ap\u0131<\/span><\/td>\n<td><span>4<\/span><\/td>\n<\/tr>\n<tr>\n<td><span>Su tahliye y\u00fcksekli\u011fi<\/span><\/td>\n<td><span>1 santimetre<\/span><\/td>\n<\/tr>\n<tr>\n<td><span>Boyutlar<\/span><\/td>\n<td><span>96,2&#215;93,5&#215;185,5 cm<\/span><\/td>\n<\/tr>\n<tr>\n<td><span>Paketleme<\/span><\/td>\n<td><span>104,8x102x217,3 cm<\/span><\/td>\n<\/tr>\n<\/tbody>\n<\/table>\n<\/div>\n<\/div>\n<\/div>\n","protected":false},"excerpt":{"rendered":"<p>Past\u00f6rizasyon, t\u00fcts\u00fcleme, sous vide, kurutma, kek ve tatl\u0131 haz\u0131rlama, k\u0131zartma, buharda pi\u015firme, esmerle\u015ftirme, kavurma, Delta T ve D\u00fc\u015f\u00fck S\u0131cakl\u0131kta pi\u015firme i\u00e7in otomatik pi\u015firme \u00f6zelli\u011fine sahip kombi f\u0131r\u0131n (buharl\u0131, s\u0131cak hava, kombi). D\u00f6n\u00fc\u015f y\u00f6n\u00fcn\u00fcn tersine \u00e7evrilmesi i\u00e7in otomatik geri d\u00f6n\u00fc\u015f fonksiyonlu fan ve 6 fan h\u0131z\u0131 (1 aral\u0131kl\u0131), kontrol sistemi. Pi\u015firme s\u0131ras\u0131nda do\u011frudan nem kontrol\u00fc. \u00c7ift seviyeli buhar \u00fcretimi. 150 otomatik ve kay\u0131tl\u0131 pi\u015firme program\u0131na sahip k\u00fct\u00fcphane programlar\u0131. Malzemeler, haz\u0131rlama, pi\u015firme y\u00f6ntemleri ve taba\u011f\u0131n sunumu i\u00e7in ipu\u00e7lar\u0131 i\u00e7eren tam tarifler, foto\u011fraflarla. Entegre BE-1 \u00f6zellikli %100 otomatik Cook &amp; Chill programlar\u0131. E\u015fzamanl\u0131 \u00c7oklu Pi\u015firme: e\u015f zamanl\u0131 uyumlu pi\u015firme i\u015flemleri, \u00e7oklu zamanlay\u0131c\u0131 (20 kez) ve 2&#8217;ye kadar \u00e7ekirdek prob kullan\u0131m\u0131. Pi\u015firme ve y\u0131kamada t\u00fcketim azalt\u0131m\u0131 i\u00e7in ECO fonksiyonu. \u00dc\u00e7l\u00fc etkili temizleme etkisine sahip otomatik y\u0131kama sistemi, tamamen otomatik, her y\u0131kama i\u00e7in d\u0131\u015far\u0131dan yard\u0131m gerektirmez ve operat\u00f6r kimyasal \u00fcr\u00fcne dokunmaz. Yedi y\u0131kama program\u0131. Yap\u0131 AISI 304 paslanmaz \u00e7elikten, pi\u015firme haznesi ise AISI 316L malzemeden \u00fcretilmi\u015ftir.<\/p>\n","protected":false},"featured_media":267,"comment_status":"open","ping_status":"closed","template":"","meta":[],"pwb-brand":[27],"product_brand":[],"product_cat":[17,23],"product_tag":[],"class_list":{"0":"post-270","1":"product","2":"type-product","3":"status-publish","4":"has-post-thumbnail","6":"pwb-brand-angelopo","7":"product_cat-firinlar","8":"product_cat-combistar-fx","10":"first","11":"instock","12":"shipping-taxable","13":"product-type-simple"},"brands":[{"id":27,"name":"Angelopo","slug":"angelopo"}],"_links":{"self":[{"href":"https:\/\/zorman.com.tr\/index.php\/wp-json\/wp\/v2\/product\/270","targetHints":{"allow":["GET"]}}],"collection":[{"href":"https:\/\/zorman.com.tr\/index.php\/wp-json\/wp\/v2\/product"}],"about":[{"href":"https:\/\/zorman.com.tr\/index.php\/wp-json\/wp\/v2\/types\/product"}],"replies":[{"embeddable":true,"href":"https:\/\/zorman.com.tr\/index.php\/wp-json\/wp\/v2\/comments?post=270"}],"wp:featuredmedia":[{"embeddable":true,"href":"https:\/\/zorman.com.tr\/index.php\/wp-json\/wp\/v2\/media\/267"}],"wp:attachment":[{"href":"https:\/\/zorman.com.tr\/index.php\/wp-json\/wp\/v2\/media?parent=270"}],"wp:term":[{"taxonomy":"pwb-brand","embeddable":true,"href":"https:\/\/zorman.com.tr\/index.php\/wp-json\/wp\/v2\/pwb-brand?post=270"},{"taxonomy":"product_brand","embeddable":true,"href":"https:\/\/zorman.com.tr\/index.php\/wp-json\/wp\/v2\/product_brand?post=270"},{"taxonomy":"product_cat","embeddable":true,"href":"https:\/\/zorman.com.tr\/index.php\/wp-json\/wp\/v2\/product_cat?post=270"},{"taxonomy":"product_tag","embeddable":true,"href":"https:\/\/zorman.com.tr\/index.php\/wp-json\/wp\/v2\/product_tag?post=270"}],"curies":[{"name":"wp","href":"https:\/\/api.w.org\/{rel}","templated":true}]}}