{"id":341,"date":"2025-03-27T02:21:04","date_gmt":"2025-03-26T23:21:04","guid":{"rendered":"https:\/\/kirmiziraf.com.tr\/zormankurumsal\/?post_type=product&#038;p=341"},"modified":"2025-03-27T02:21:51","modified_gmt":"2025-03-26T23:21:51","slug":"still-12080-3-sehpali","status":"publish","type":"product","link":"https:\/\/zorman.com.tr\/index.php\/product\/still-12080-3-sehpali\/","title":{"rendered":"STILL 120*80\/3 SEHPALI"},"content":{"rendered":"","protected":false},"excerpt":{"rendered":"<ul>\n<li>Elektrik \u0131s\u0131tmal\u0131, ta\u015f tabanl\u0131, \u00e7ok katl\u0131 f\u0131r\u0131n, her kat i\u00e7in ba\u011f\u0131ms\u0131z \u0131s\u0131 ve buhar kontrol\u00fc.<\/li>\n<li>Dokunmatik kontrol paneli.<\/li>\n<li>Manuel klape buhar \u00e7\u0131k\u0131\u015f\u0131. 3,09 m\u00b2 \u00fcr\u00fcn pi\u015firme alan\u0131.<\/li>\n<li>8 saatte 1008 ekmek pi\u015firme kapasiteli. 33,5kW elektrik g\u00fcc\u00fc.<\/li>\n<li>F\u0131r\u0131n 120 cm i\u00e7 geni\u015fli\u011fine, 86,5 cm i\u00e7 derinli\u011fine 19 cm i\u00e7 y\u00fcksekli\u011fine sahiptir.<\/li>\n<li>F\u0131r\u0131n\u0131n geni\u015fli\u011fi 156 cm, davlumbaz dahil derinli\u011fi 164 cm, y\u00fcksekli\u011fi 205 cm, 995 kg a\u011f\u0131rl\u0131\u011fa sahiptir.<\/li>\n<li>Davlumbaz ve sehpa dahildir.<\/li>\n<\/ul>\n","protected":false},"featured_media":298,"comment_status":"open","ping_status":"closed","template":"","meta":[],"pwb-brand":[29],"product_brand":[],"product_cat":[17,38],"product_tag":[],"class_list":{"0":"post-341","1":"product","2":"type-product","3":"status-publish","4":"has-post-thumbnail","6":"pwb-brand-konoven","7":"product_cat-firinlar","8":"product_cat-stil","10":"first","11":"instock","12":"shipping-taxable","13":"product-type-simple"},"brands":[{"id":29,"name":"Konoven","slug":"konoven"}],"_links":{"self":[{"href":"https:\/\/zorman.com.tr\/index.php\/wp-json\/wp\/v2\/product\/341","targetHints":{"allow":["GET"]}}],"collection":[{"href":"https:\/\/zorman.com.tr\/index.php\/wp-json\/wp\/v2\/product"}],"about":[{"href":"https:\/\/zorman.com.tr\/index.php\/wp-json\/wp\/v2\/types\/product"}],"replies":[{"embeddable":true,"href":"https:\/\/zorman.com.tr\/index.php\/wp-json\/wp\/v2\/comments?post=341"}],"wp:featuredmedia":[{"embeddable":true,"href":"https:\/\/zorman.com.tr\/index.php\/wp-json\/wp\/v2\/media\/298"}],"wp:attachment":[{"href":"https:\/\/zorman.com.tr\/index.php\/wp-json\/wp\/v2\/media?parent=341"}],"wp:term":[{"taxonomy":"pwb-brand","embeddable":true,"href":"https:\/\/zorman.com.tr\/index.php\/wp-json\/wp\/v2\/pwb-brand?post=341"},{"taxonomy":"product_brand","embeddable":true,"href":"https:\/\/zorman.com.tr\/index.php\/wp-json\/wp\/v2\/product_brand?post=341"},{"taxonomy":"product_cat","embeddable":true,"href":"https:\/\/zorman.com.tr\/index.php\/wp-json\/wp\/v2\/product_cat?post=341"},{"taxonomy":"product_tag","embeddable":true,"href":"https:\/\/zorman.com.tr\/index.php\/wp-json\/wp\/v2\/product_tag?post=341"}],"curies":[{"name":"wp","href":"https:\/\/api.w.org\/{rel}","templated":true}]}}