{"id":494,"date":"2025-03-29T10:16:46","date_gmt":"2025-03-29T07:16:46","guid":{"rendered":"https:\/\/kirmiziraf.com.tr\/zormankurumsal\/?post_type=product&#038;p=494"},"modified":"2025-03-29T10:18:04","modified_gmt":"2025-03-29T07:18:04","slug":"fts-330-hazirlik-buzdolablari","status":"publish","type":"product","link":"https:\/\/zorman.com.tr\/index.php\/product\/fts-330-hazirlik-buzdolablari\/","title":{"rendered":"FTS 330 \u2013 Haz\u0131rl\u0131k buzdolablar\u0131"},"content":{"rendered":"","protected":false},"excerpt":{"rendered":"<p style=\"font-weight: 400;\"><b><strong>TEKN\u0130K \u00d6ZELL\u0130KLER<\/strong><\/b><\/p>\n<ul>\n<li style=\"font-weight: 400;\">Kapasite: 610 lt<\/li>\n<li style=\"font-weight: 400;\">S\u0131cakl\u0131k: -3\/+5\u00b0C<\/li>\n<li style=\"font-weight: 400;\">Voltaj: 230V \/ 50 Hz<\/li>\n<li style=\"font-weight: 400;\">Enerji T\u00fcketimi: 0,980 kW<\/li>\n<li style=\"font-weight: 400;\">\u00d6l\u00e7\u00fc: 70x80x210 cm<\/li>\n<li style=\"font-weight: 400;\">A\u011f\u0131rl\u0131k: 129 kg<\/li>\n<li style=\"font-weight: 400;\">Kap\u0131 Say\u0131s\u0131: 1<\/li>\n<li style=\"font-weight: 400;\">Paslanmaz \u00d6zelli\u011fi: 304<\/li>\n<li style=\"font-weight: 400;\">Buzdolab\u0131 Modeli: Dry Aged<\/li>\n<li style=\"font-weight: 400;\">D\u0131\u015f ortam s\u0131cakl\u0131\u011f\u0131 +43\u00b0C %65 Nem Oran\u0131<\/li>\n<li style=\"font-weight: 400;\">E\u015fit s\u0131cakl\u0131k da\u011f\u0131l\u0131m\u0131 i\u00e7in yeni tasar\u0131m<\/li>\n<li style=\"font-weight: 400;\">S\u0131f\u0131r ODP enjekte 42 kg\/m3 \u00e7evre dostu poli\u00fcretan izolasyon<\/li>\n<li style=\"font-weight: 400;\">Kolay okunur ekranl\u0131 dijital kontrol<\/li>\n<li style=\"font-weight: 400;\">Ergonomik kap\u0131 ve kulpu sayesinde kolay a\u00e7\u0131lma ve temizlik<\/li>\n<li style=\"font-weight: 400;\">Patentli \u2018Icecool\u2018 so\u011futma sistemi ile m\u00fckemmel verim ve enerji sarfiyat\u0131<\/li>\n<li style=\"font-weight: 400;\">S\u0131cak gaz defrost sistemi<\/li>\n<li style=\"font-weight: 400;\">At\u0131k \u0131s\u0131 geri kazan\u0131ml\u0131 kondanzasyon<\/li>\n<li style=\"font-weight: 400;\">T\u00fcm buzdolaplar\u0131n marine versiyonlar\u0131 mevcuttur<\/li>\n<li style=\"font-weight: 400;\">Marine versiyonlar\u0131 \u2018Icecool marine\u2019 sistemi, marine ayak ve raflar i\u00e7erir<\/li>\n<\/ul>\n","protected":false},"featured_media":481,"comment_status":"open","ping_status":"closed","template":"","meta":[],"pwb-brand":[26],"product_brand":[],"product_cat":[42,20],"product_tag":[],"class_list":{"0":"post-494","1":"product","2":"type-product","3":"status-publish","4":"has-post-thumbnail","6":"pwb-brand-iceinox","7":"product_cat-servis-dolabi","8":"product_cat-sogutucular","10":"first","11":"instock","12":"shipping-taxable","13":"product-type-simple"},"brands":[{"id":26,"name":"Iceinox","slug":"iceinox"}],"_links":{"self":[{"href":"https:\/\/zorman.com.tr\/index.php\/wp-json\/wp\/v2\/product\/494","targetHints":{"allow":["GET"]}}],"collection":[{"href":"https:\/\/zorman.com.tr\/index.php\/wp-json\/wp\/v2\/product"}],"about":[{"href":"https:\/\/zorman.com.tr\/index.php\/wp-json\/wp\/v2\/types\/product"}],"replies":[{"embeddable":true,"href":"https:\/\/zorman.com.tr\/index.php\/wp-json\/wp\/v2\/comments?post=494"}],"wp:featuredmedia":[{"embeddable":true,"href":"https:\/\/zorman.com.tr\/index.php\/wp-json\/wp\/v2\/media\/481"}],"wp:attachment":[{"href":"https:\/\/zorman.com.tr\/index.php\/wp-json\/wp\/v2\/media?parent=494"}],"wp:term":[{"taxonomy":"pwb-brand","embeddable":true,"href":"https:\/\/zorman.com.tr\/index.php\/wp-json\/wp\/v2\/pwb-brand?post=494"},{"taxonomy":"product_brand","embeddable":true,"href":"https:\/\/zorman.com.tr\/index.php\/wp-json\/wp\/v2\/product_brand?post=494"},{"taxonomy":"product_cat","embeddable":true,"href":"https:\/\/zorman.com.tr\/index.php\/wp-json\/wp\/v2\/product_cat?post=494"},{"taxonomy":"product_tag","embeddable":true,"href":"https:\/\/zorman.com.tr\/index.php\/wp-json\/wp\/v2\/product_tag?post=494"}],"curies":[{"name":"wp","href":"https:\/\/api.w.org\/{rel}","templated":true}]}}