{"id":585,"date":"2025-04-01T14:35:07","date_gmt":"2025-04-01T11:35:07","guid":{"rendered":"https:\/\/kirmiziraf.com.tr\/zormankurumsal\/?post_type=product&#038;p=585"},"modified":"2025-04-01T14:37:59","modified_gmt":"2025-04-01T11:37:59","slug":"cts-560-n-tezgah-tipi-buzdolabi","status":"publish","type":"product","link":"https:\/\/zorman.com.tr\/index.php\/product\/cts-560-n-tezgah-tipi-buzdolabi\/","title":{"rendered":"CTS 560 N \u2013 Tezgah Tipi Buzdolab\u0131"},"content":{"rendered":"","protected":false},"excerpt":{"rendered":"<p><strong>TEKN\u0130K \u00d6ZELL\u0130KLER<\/strong><\/p>\n<ul>\n<li>Kapasite: 560 lt<\/li>\n<li>S\u0131cakl\u0131k: -10\/-22\u00b0C<\/li>\n<li>Voltaj: 230V \/ 50 Hz<\/li>\n<li>Enerji T\u00fcketimi: 0,819 kW<\/li>\n<li>\u00d6l\u00e7\u00fc: 250x60x85 cm<\/li>\n<li>A\u011f\u0131rl\u0131k: 187 kg<\/li>\n<li>Kap\u0131 Say\u0131s\u0131: 4<\/li>\n<li>Paslanmaz \u00d6zelli\u011fi: 304<\/li>\n<li>Buzdolab\u0131 Modeli: Snack<\/li>\n<li>D\u0131\u015f ortam s\u0131cakl\u0131\u011f\u0131 +43\u00b0C %65 Nem Oran\u0131<\/li>\n<li>E\u015fit s\u0131cakl\u0131k da\u011f\u0131l\u0131m\u0131 i\u00e7in yeni tasar\u0131m<\/li>\n<li>S\u0131f\u0131r ODP enjekte 42 kg\/m3 \u00e7evre dostu poli\u00fcretan izolasyon<\/li>\n<li>Kolay okunur ekranl\u0131 dijital kontrol<\/li>\n<li>Ergonomik kap\u0131 ve kulpu sayesinde kolay a\u00e7\u0131lma ve temizlik<\/li>\n<li>Patentli \u2018Icecool\u2018 so\u011futma sistemi ile m\u00fckemmel verim ve enerji sarfiyat\u0131<\/li>\n<li>S\u0131cak gaz defrost sistemi<\/li>\n<li>At\u0131k \u0131s\u0131 geri kazan\u0131ml\u0131 kondanzasyon<\/li>\n<li>T\u00fcm buzdolaplar\u0131n marine versiyonlar\u0131 mevcuttur<\/li>\n<li>Marine versiyonlar\u0131 \u2018Icecool marine\u2019 sistemi, marine ayak ve raflar i\u00e7erir<\/li>\n<\/ul>\n","protected":false},"featured_media":129,"comment_status":"open","ping_status":"closed","template":"","meta":[],"pwb-brand":[26],"product_brand":[],"product_cat":[20,30],"product_tag":[],"class_list":{"0":"post-585","1":"product","2":"type-product","3":"status-publish","4":"has-post-thumbnail","6":"pwb-brand-iceinox","7":"product_cat-sogutucular","8":"product_cat-tezgah-tipi-buzdolabi","10":"first","11":"instock","12":"shipping-taxable","13":"product-type-simple"},"brands":[{"id":26,"name":"Iceinox","slug":"iceinox"}],"_links":{"self":[{"href":"https:\/\/zorman.com.tr\/index.php\/wp-json\/wp\/v2\/product\/585","targetHints":{"allow":["GET"]}}],"collection":[{"href":"https:\/\/zorman.com.tr\/index.php\/wp-json\/wp\/v2\/product"}],"about":[{"href":"https:\/\/zorman.com.tr\/index.php\/wp-json\/wp\/v2\/types\/product"}],"replies":[{"embeddable":true,"href":"https:\/\/zorman.com.tr\/index.php\/wp-json\/wp\/v2\/comments?post=585"}],"wp:featuredmedia":[{"embeddable":true,"href":"https:\/\/zorman.com.tr\/index.php\/wp-json\/wp\/v2\/media\/129"}],"wp:attachment":[{"href":"https:\/\/zorman.com.tr\/index.php\/wp-json\/wp\/v2\/media?parent=585"}],"wp:term":[{"taxonomy":"pwb-brand","embeddable":true,"href":"https:\/\/zorman.com.tr\/index.php\/wp-json\/wp\/v2\/pwb-brand?post=585"},{"taxonomy":"product_brand","embeddable":true,"href":"https:\/\/zorman.com.tr\/index.php\/wp-json\/wp\/v2\/product_brand?post=585"},{"taxonomy":"product_cat","embeddable":true,"href":"https:\/\/zorman.com.tr\/index.php\/wp-json\/wp\/v2\/product_cat?post=585"},{"taxonomy":"product_tag","embeddable":true,"href":"https:\/\/zorman.com.tr\/index.php\/wp-json\/wp\/v2\/product_tag?post=585"}],"curies":[{"name":"wp","href":"https:\/\/api.w.org\/{rel}","templated":true}]}}