{"id":672,"date":"2025-04-05T14:25:05","date_gmt":"2025-04-05T11:25:05","guid":{"rendered":"https:\/\/kirmiziraf.com.tr\/zormankurumsal\/?post_type=product&#038;p=672"},"modified":"2025-04-05T14:26:03","modified_gmt":"2025-04-05T11:26:03","slug":"sogutmali-pizza-tezgahi-iki-bolme-tezgahi-olmayan-tezgah","status":"publish","type":"product","link":"https:\/\/zorman.com.tr\/index.php\/product\/sogutmali-pizza-tezgahi-iki-bolme-tezgahi-olmayan-tezgah\/","title":{"rendered":"SO\u011eUTMALI P\u0130ZZA TEZGAHI \u0130K\u0130 B\u00d6LME TEZGAHI OLMAYAN TEZGAH"},"content":{"rendered":"<div id=\"accordionPanelsStayOpen\" class=\"accordion accordion-attributes-apo mt-2rem-apo\">\n<div class=\"accordion-item content-attributes-apo\">\n<div id=\"accordionPanelsStayOpen\" class=\"accordion accordion-attributes-apo mt-2rem-apo\">\n<div class=\"accordion-item content-attributes-apo\">\n<div id=\"accordionPanelsStayOpen\" class=\"accordion accordion-attributes-apo mt-2rem-apo\">\n<div class=\"accordion-item content-attributes-apo\">\n<div id=\"accordionPanelsStayOpen\" class=\"accordion accordion-attributes-apo mt-2rem-apo\">\n<div class=\"accordion-item content-attributes-apo\">\n<div id=\"accordionPanelsStayOpen\" class=\"accordion accordion-attributes-apo mt-2rem-apo\">\n<div class=\"accordion-item content-attributes-apo\">\n<div id=\"accordionPanelsStayOpen\" class=\"accordion accordion-attributes-apo mt-2rem-apo\">\n<div class=\"accordion-item content-attributes-apo\">\n<div id=\"accordionPanelsStayOpen\" class=\"accordion accordion-attributes-apo mt-2rem-apo\">\n<div class=\"accordion-item content-attributes-apo\">\n<h2 id=\"panelsStayOpen-headingOne\" class=\"accordion-header\"><button class=\"accordion-button\" type=\"button\" data-bs-toggle=\"collapse\" data-bs-target=\"#panelsStayOpen-collapseOne\" aria-expanded=\"true\" aria-controls=\"panelsStayOpen-collapseOne\"><span>Di\u011fer \u00f6zellikler<\/span><\/button><\/h2>\n<\/div>\n<div id=\"panelsStayOpen-collapseOne\" class=\"accordion-collapse collapse show\" aria-labelledby=\"panelsStayOpen-headingOne\">\n<div class=\"accordion-body body-wrapper-apo\">\n<table class=\"table table-striped table-attributes-apo\">\n<tbody>\n<tr>\n<td><span>\u0130klim s\u0131n\u0131f\u0131<\/span><\/td>\n<td><span>5 (+40\u00b0C, %40 RH)<\/span><\/td>\n<\/tr>\n<tr>\n<td><span>A\u011f\u0131r hizmet tipi dolaplar<\/span><\/td>\n<td><span>Bu cihaz 40 \u00b0C&#8217;ye kadar ortam s\u0131cakl\u0131klar\u0131nda kullan\u0131lmak \u00fczere tasarlanm\u0131\u015ft\u0131r<\/span><\/td>\n<\/tr>\n<tr>\n<td><span>So\u011futucu\/GWP<\/span><\/td>\n<td><span>R290\/3<\/span><\/td>\n<\/tr>\n<tr>\n<td><span>So\u011futucu ak\u0131\u015fkan y\u00fck\u00fc, kg<\/span><\/td>\n<td><span>0,07<\/span><\/td>\n<\/tr>\n<tr>\n<td><span>Enerji t\u00fcketimi, kWh\/24h<\/span><\/td>\n<td><span>2,73<\/span><\/td>\n<\/tr>\n<tr>\n<td><span>Enerji t\u00fcketimi\/y\u0131l, kWh\/a<\/span><\/td>\n<td><span>997<\/span><\/td>\n<\/tr>\n<tr>\n<td><span>Hacim, br\u00fct, lt<\/span><\/td>\n<td><span>378<\/span><\/td>\n<\/tr>\n<tr>\n<td><span>S\u0131cakl\u0131k aral\u0131klar\u0131, \u00b0C<\/span><\/td>\n<td><span>+2\/+10<\/span><\/td>\n<\/tr>\n<tr>\n<td><span>-10\u00b0CW&#8217;de so\u011futma g\u00fcc\u00fc<\/span><\/td>\n<td><span>465<\/span><\/td>\n<\/tr>\n<tr>\n<td><span>Enerji Verimlili\u011fi S\u0131n\u0131f\u0131<\/span><\/td>\n<td><span>C<\/span><\/td>\n<\/tr>\n<tr>\n<td><span>D\u00fc\u015f\u00fck G\u00fcr\u00fclt\u00fc Seviyesi dB(A)<\/span><\/td>\n<td><span>46<\/span><\/td>\n<\/tr>\n<tr>\n<td><span>Net kullan\u0131labilir hacim, lt<\/span><\/td>\n<td><span>240<\/span><\/td>\n<\/tr>\n<tr>\n<td><span>Enerji Verimlili\u011fi Endeksi<\/span><\/td>\n<td><span>41,49<\/span><\/td>\n<\/tr>\n<\/tbody>\n<\/table>\n<\/div>\n<\/div>\n<\/div>\n<div id=\"accordionPanelsStayOpen\" class=\"accordion accordion-attributes-apo mt-1rem-apo\">\n<div class=\"accordion-item content-attributes-apo\">\n<h2 id=\"panelsStayOpen-headingTwo\" class=\"accordion-header\"><button class=\"accordion-button\" type=\"button\" data-bs-toggle=\"collapse\" data-bs-target=\"#panelsStayOpen-collapseTwo\" aria-expanded=\"true\" aria-controls=\"panelsStayOpen-collapseOne\"><span>T\u00fcm \u00f6zellikler<\/span><\/button><\/h2>\n<\/div>\n<div id=\"panelsStayOpen-collapseTwo\" class=\"accordion-collapse collapse show\" aria-labelledby=\"panelsStayOpen-headingTwo\">\n<div class=\"accordion-body body-wrapper-apo\">\n<table class=\"table table-striped table-attributes-apo\">\n<tbody>\n<tr>\n<td><span>\u00c7al\u0131\u015fma voltaj\u0131<\/span><\/td>\n<td><span>230V 1N~ \/ 50Hz<\/span><\/td>\n<\/tr>\n<tr>\n<td><span>Net a\u011f\u0131rl\u0131\u011f\u0131<\/span><\/td>\n<td><span>115 kilo<\/span><\/td>\n<\/tr>\n<tr>\n<td><span>Br\u00fct a\u011f\u0131rl\u0131k<\/span><\/td>\n<td><span>130 kilo<\/span><\/td>\n<\/tr>\n<tr>\n<td><span>Paketleme Geni\u015fli\u011fi<\/span><\/td>\n<td><span>162 cm<\/span><\/td>\n<\/tr>\n<tr>\n<td><span>Paketleme Y\u00fcksekli\u011fi<\/span><\/td>\n<td><span>104 cm<\/span><\/td>\n<\/tr>\n<tr>\n<td><span>Paketleme Derinli\u011fi<\/span><\/td>\n<td><span>81 cm<\/span><\/td>\n<\/tr>\n<tr>\n<td><span>Geni\u015flik<\/span><\/td>\n<td><span>154 cm<\/span><\/td>\n<\/tr>\n<tr>\n<td><span>Y\u00fckseklik<\/span><\/td>\n<td><span>83 cm<\/span><\/td>\n<\/tr>\n<tr>\n<td><span>Derinlik<\/span><\/td>\n<td><span>72,5 cm<\/span><\/td>\n<\/tr>\n<tr>\n<td><span>Elektrik G\u00fcc\u00fc<\/span><\/td>\n<td><span>0,28 kW<\/span><\/td>\n<\/tr>\n<tr>\n<td><span>Elektrik besleme y\u00fcksekli\u011fi<\/span><\/td>\n<td><span>5 cm<\/span><\/td>\n<\/tr>\n<tr>\n<td><span>Boyutlar<\/span><\/td>\n<td><span>154&#215;72,5&#215;83 cm<\/span><\/td>\n<\/tr>\n<tr>\n<td><span>Paketleme<\/span><\/td>\n<td><span>162x81x104 cm<\/span><\/td>\n<\/tr>\n<\/tbody>\n<\/table>\n<\/div>\n<\/div>\n<\/div>\n<\/div>\n<\/div>\n<\/div>\n<\/div>\n<\/div>\n<\/div>\n<\/div>\n<\/div>\n<\/div>\n<\/div>\n<\/div>\n<\/div>\n","protected":false},"excerpt":{"rendered":"<div class=\"p-1\">\n<div class=\"p-1\">\n<div class=\"p-1\">\n<div class=\"p-1\">\n<div class=\"p-1\">\n<div class=\"p-1\"><span style=\"color: #555555; font-size: 14.4px;\">Pizza i\u00e7in so\u011futmal\u0131 masa, AISI 304 paslanmaz \u00e7elikten i\u00e7 ve d\u0131\u015f monokok yap\u0131 ile \u00fcretilmi\u015ftir. Kanatl\u0131 buharla\u015ft\u0131r\u0131c\u0131 ve elektrikli fanl\u0131 so\u011futma sistemi, otomatik buz \u00e7\u00f6zme ve otomatik yo\u011fu\u015fma tahliyesi. Elektronik termometre-termostat. \u00c7al\u0131\u015fma \u00fcst\u00fc olmayan \u00fcnite. 2 so\u011futmal\u0131 b\u00f6lme, paslanmaz \u00e7elik kulplu kap\u0131lar.<\/span><\/div>\n<\/div>\n<\/div>\n<\/div>\n<\/div>\n<\/div>\n","protected":false},"featured_media":673,"comment_status":"open","ping_status":"closed","template":"","meta":[],"pwb-brand":[27],"product_brand":[],"product_cat":[47,20],"product_tag":[],"class_list":{"0":"post-672","1":"product","2":"type-product","3":"status-publish","4":"has-post-thumbnail","6":"pwb-brand-angelopo","7":"product_cat-sogutmali-salata-bari","8":"product_cat-sogutucular","10":"first","11":"instock","12":"shipping-taxable","13":"product-type-simple"},"brands":[{"id":27,"name":"Angelopo","slug":"angelopo"}],"_links":{"self":[{"href":"https:\/\/zorman.com.tr\/index.php\/wp-json\/wp\/v2\/product\/672","targetHints":{"allow":["GET"]}}],"collection":[{"href":"https:\/\/zorman.com.tr\/index.php\/wp-json\/wp\/v2\/product"}],"about":[{"href":"https:\/\/zorman.com.tr\/index.php\/wp-json\/wp\/v2\/types\/product"}],"replies":[{"embeddable":true,"href":"https:\/\/zorman.com.tr\/index.php\/wp-json\/wp\/v2\/comments?post=672"}],"wp:featuredmedia":[{"embeddable":true,"href":"https:\/\/zorman.com.tr\/index.php\/wp-json\/wp\/v2\/media\/673"}],"wp:attachment":[{"href":"https:\/\/zorman.com.tr\/index.php\/wp-json\/wp\/v2\/media?parent=672"}],"wp:term":[{"taxonomy":"pwb-brand","embeddable":true,"href":"https:\/\/zorman.com.tr\/index.php\/wp-json\/wp\/v2\/pwb-brand?post=672"},{"taxonomy":"product_brand","embeddable":true,"href":"https:\/\/zorman.com.tr\/index.php\/wp-json\/wp\/v2\/product_brand?post=672"},{"taxonomy":"product_cat","embeddable":true,"href":"https:\/\/zorman.com.tr\/index.php\/wp-json\/wp\/v2\/product_cat?post=672"},{"taxonomy":"product_tag","embeddable":true,"href":"https:\/\/zorman.com.tr\/index.php\/wp-json\/wp\/v2\/product_tag?post=672"}],"curies":[{"name":"wp","href":"https:\/\/api.w.org\/{rel}","templated":true}]}}